{"id":1311,"date":"2024-04-04T14:01:01","date_gmt":"2024-04-04T12:01:01","guid":{"rendered":"https:\/\/eures-granderegion.eu\/rechtliche-hinweise\/"},"modified":"2024-12-18T09:44:14","modified_gmt":"2024-12-18T08:44:14","slug":"rechtliche-hinweise","status":"publish","type":"page","link":"https:\/\/eures-granderegion.eu\/de\/rechtliche-hinweise\/","title":{"rendered":"Rechtliche Hinweise"},"content":{"rendered":"\n<p>Herzlich willkommen auf der Seite www.eures-granderegion.eu. Durch die Nutzung dieser Seite verpflichten Sie sich zur Einhaltung der Allgemeinen Nutzungsbedingungen, deren Kenntnisnahme Sie best\u00e4tigen. Der Inhalt der vorliegenden Erkl\u00e4rung kann ge\u00e4ndert werden. Deshalb fordern wir Sie auf, sie regelm\u00e4\u00dfig abzurufen.<\/p>\n\n<h3 class=\"wp-block-heading\">Herausgeber der Website<\/h3>\n\n<p>Quellen- und Dokumentationszentrum EURES Frontaliers\/Grand Est<br\/>2, rue Augustin Fresnel<br\/>57070 Metz Technop\u00f4le<br\/>Tel. (+33) (0)3 87 20 40 91<\/p>\n\n<p>Leiter und Verantwortlicher der Ver\u00f6ffentlichung: Nicolas BRIZARD<br\/>Koordinationsb\u00fcro EURES P\u00f4le emploi Grand Est Leiter der Abteilung Internationale Beziehungen<br\/>E-Mail: <a href=\"mailto:nicolas.brizard@pole-emploi.fr\">nicolas.brizard@pole-emploi.fr<\/a><\/p>\n\n<h3 class=\"wp-block-heading\">Designer der Website<\/h3>\n\n<p>why.vision &#8211; Agentur f\u00fcr audiovisuelle und digitale Kommunikation<br\/>Einpersonen-GmbH mit einem Kapital von 15 000 Euro<br\/>104, avenue Andr\u00e9 Malraux<br\/>57000 Metz Frankreich<br\/>Siret: 82103842900030<br\/>USt-IdNr.: FR 22 821038429<br\/>APE: 5911B<br\/><a href=\"http:\/\/www.why.vision\">why.vision<\/a><\/p>\n\n<h3 class=\"wp-block-heading\">Host der Website<\/h3>\n\n<p>GRUPPE OCI SAS, mit einem Kapital von 613 500 \u20ac<br\/>Eingetragen im HR Stra\u00dfburg unter der Nummer 502 770 118<br\/>Gesch\u00e4ftssitz: 2 rue Amp\u00e8re, 67450 Mundolsheim<br\/>Telefonnummer: +33 (0)9 69 39 40 60<\/p>\n\n<h3 class=\"wp-block-heading\">Urheberrecht und Recht am geistigen Eigentum<\/h3>\n\n<p>Diese Internetseite unterliegt der franz\u00f6sischen und internationalen Gesetzgebung in Bezug auf das Urheberrecht und das Recht am geistigen Eigentum. Die auf dieser Seite angegebenen Namen, Marken und Handelsbezeichnungen sind Eigentum ihrer jeweiligen Hinterleger. Jede Verwendung oder Wiedergabe der Seite, ihrer Bestandteile und der darin enthaltenen Informationen, die insgesamt oder teilweise durch eine beliebige Methode und ohne Genehmigung des CRD EURES Frontaliers Grand Est erfolgt, stellt eine F\u00e4lschung dar, die durch das Gesetz \u00fcber das geistige Eigentum geahndet wird.<\/p>\n\n<p>Manche Bilder und grafischen Elemente, die auf dieser Seite verwendet werden, stammen von der Plattform Envato Elements.<\/p>\n\n<h3 class=\"wp-block-heading\">Schutz der personenbezogenen Daten<\/h3>\n\n<p>Gem\u00e4\u00df den Bestimmungen des franz\u00f6sischen Gesetzes zum Datenschutz bei der elektronischen Datenverarbeitung vom 6. Januar 1978 (ge\u00e4ndert durch das Gesetz vom 6. August 2004 in Bezug auf den Schutz nat\u00fcrlicher Personen bei der Verarbeitung personenbezogener Daten) verf\u00fcgt jede Person, die auf dieser Seite direkt oder indirekt personenbezogene Daten hinterlegt hat, \u00fcber ein Auskunftsrecht, \u00c4nderungsrecht, Berichtigungsrecht und L\u00f6schungsrecht in Bezug auf die sie betreffenden Daten. Diese Rechte k\u00f6nnen durch die \u00dcbermittlung einer Nachricht \u00fcber unser Kontaktformular ausge\u00fcbt werden.<\/p>\n\n<h3 class=\"wp-block-heading\">Hyperlinks<\/h3>\n\n<p>Die im Rahmen der vorliegenden Seite eingerichteten Hyperlinks, die zu anderen, im Internet verf\u00fcgbaren Quellen f\u00fchren, sind eindeutig identifiziert. Der CRD EURES \/ Frontaliers Grand Est lehnt in Bezug auf den Inhalt und die Vorgehensweisen dieser Seiten jede Haftung ab.<\/p>\n\n<h3 class=\"wp-block-heading\">Haftung<\/h3>\n\n<p>Diese Seite enth\u00e4lt allgemeing\u00fcltige, juristische Informationen, die zur Unterst\u00fctzung des Nutzers bestimmt sind. Obwohl wir uns bem\u00fchen, richtige Informationen vorzulegen, und eventuelle Fehler, die uns m\u00f6glicherweise gemeldet werden, gegebenenfalls von uns korrigiert werden, haben diese Daten lediglich einen Informationswert und k\u00f6nnen nicht als juristisch bindend betrachtet werden, sodass jede Haftung des CRD EURES \/ von Frontaliers Grand Est und der Seite www.eures-granderegion.eu ausgeschlossen ist. Die Europ\u00e4ische Kommission und die Region Grand Est lehnen jede Haftung f\u00fcr den Inhalt dieser Internetseite ab und k\u00f6nnen f\u00fcr die Nutzung der auf dieser Seite enthaltenen Informationen nicht haftbar gemacht werden.<\/p>\n","protected":false},"excerpt":{"rendered":"<p>Herzlich willkommen auf der Seite www.eures-granderegion.eu. Durch die Nutzung dieser Seite verpflichten Sie sich zur Einhaltung der Allgemeinen Nutzungsbedingungen, deren Kenntnisnahme Sie best\u00e4tigen. Der Inhalt der vorliegenden Erkl\u00e4rung kann ge\u00e4ndert werden. Deshalb fordern wir Sie auf, sie regelm\u00e4\u00dfig abzurufen. Herausgeber der Website Quellen- und Dokumentationszentrum EURES Frontaliers\/Grand Est2, rue Augustin Fresnel57070 Metz Technop\u00f4leTel. (+33) (0)3 [&hellip;]<\/p>\n","protected":false},"author":2,"featured_media":226,"parent":0,"menu_order":0,"comment_status":"closed","ping_status":"closed","template":"","meta":{"footnotes":""},"class_list":["post-1311","page","type-page","status-publish","has-post-thumbnail","hentry"],"yoast_head":"<!-- This site is optimized with the Yoast SEO plugin v24.2 - https:\/\/yoast.com\/wordpress\/plugins\/seo\/ -->\n<title>Rechtliche Hinweise - Eures Grande Region<\/title>\n<meta name=\"robots\" content=\"index, follow, max-snippet:-1, max-image-preview:large, max-video-preview:-1\" \/>\n<link rel=\"canonical\" href=\"https:\/\/eures-granderegion.eu\/de\/rechtliche-hinweise\/\" \/>\n<meta property=\"og:locale\" content=\"de_DE\" \/>\n<meta property=\"og:type\" content=\"article\" \/>\n<meta property=\"og:title\" content=\"Rechtliche Hinweise - Eures Grande Region\" \/>\n<meta property=\"og:description\" content=\"Herzlich willkommen auf der Seite www.eures-granderegion.eu. Durch die Nutzung dieser Seite verpflichten Sie sich zur Einhaltung der Allgemeinen Nutzungsbedingungen, deren Kenntnisnahme Sie best\u00e4tigen. Der Inhalt der vorliegenden Erkl\u00e4rung kann ge\u00e4ndert werden. Deshalb fordern wir Sie auf, sie regelm\u00e4\u00dfig abzurufen. Herausgeber der Website Quellen- und Dokumentationszentrum EURES Frontaliers\/Grand Est2, rue Augustin Fresnel57070 Metz Technop\u00f4leTel. (+33) (0)3 [&hellip;]\" \/>\n<meta property=\"og:url\" content=\"https:\/\/eures-granderegion.eu\/de\/rechtliche-hinweise\/\" \/>\n<meta property=\"og:site_name\" content=\"Eures Grande Region\" \/>\n<meta property=\"article:publisher\" content=\"https:\/\/www.facebook.com\/EURES.GR\/\" \/>\n<meta property=\"article:modified_time\" content=\"2024-12-18T08:44:14+00:00\" \/>\n<meta property=\"og:image\" content=\"https:\/\/eures-granderegion.eu\/wp-content\/uploads\/2024\/03\/start-up-of-economists-2023-11-27-04-58-51-utc-scaled.jpg\" \/>\n\t<meta property=\"og:image:width\" content=\"2560\" \/>\n\t<meta property=\"og:image:height\" content=\"1707\" \/>\n\t<meta property=\"og:image:type\" content=\"image\/jpeg\" \/>\n<meta name=\"twitter:card\" content=\"summary_large_image\" \/>\n<meta name=\"twitter:label1\" content=\"Gesch\u00e4tzte Lesezeit\" \/>\n\t<meta name=\"twitter:data1\" content=\"2\u00a0Minuten\" \/>\n<script type=\"application\/ld+json\" class=\"yoast-schema-graph\">{\"@context\":\"https:\/\/schema.org\",\"@graph\":[{\"@type\":\"WebPage\",\"@id\":\"https:\/\/eures-granderegion.eu\/de\/rechtliche-hinweise\/\",\"url\":\"https:\/\/eures-granderegion.eu\/de\/rechtliche-hinweise\/\",\"name\":\"Rechtliche Hinweise - Eures Grande Region\",\"isPartOf\":{\"@id\":\"https:\/\/eures-granderegion.eu\/de\/#website\"},\"primaryImageOfPage\":{\"@id\":\"https:\/\/eures-granderegion.eu\/de\/rechtliche-hinweise\/#primaryimage\"},\"image\":{\"@id\":\"https:\/\/eures-granderegion.eu\/de\/rechtliche-hinweise\/#primaryimage\"},\"thumbnailUrl\":\"https:\/\/eures-granderegion.eu\/wp-content\/uploads\/2024\/03\/start-up-of-economists-2023-11-27-04-58-51-utc-scaled.jpg\",\"datePublished\":\"2024-04-04T12:01:01+00:00\",\"dateModified\":\"2024-12-18T08:44:14+00:00\",\"breadcrumb\":{\"@id\":\"https:\/\/eures-granderegion.eu\/de\/rechtliche-hinweise\/#breadcrumb\"},\"inLanguage\":\"de\",\"potentialAction\":[{\"@type\":\"ReadAction\",\"target\":[\"https:\/\/eures-granderegion.eu\/de\/rechtliche-hinweise\/\"]}]},{\"@type\":\"ImageObject\",\"inLanguage\":\"de\",\"@id\":\"https:\/\/eures-granderegion.eu\/de\/rechtliche-hinweise\/#primaryimage\",\"url\":\"https:\/\/eures-granderegion.eu\/wp-content\/uploads\/2024\/03\/start-up-of-economists-2023-11-27-04-58-51-utc-scaled.jpg\",\"contentUrl\":\"https:\/\/eures-granderegion.eu\/wp-content\/uploads\/2024\/03\/start-up-of-economists-2023-11-27-04-58-51-utc-scaled.jpg\",\"width\":2560,\"height\":1707,\"caption\":\"Three young employees looking at colleague and listening to her explanations of working points at start-up meeting\"},{\"@type\":\"BreadcrumbList\",\"@id\":\"https:\/\/eures-granderegion.eu\/de\/rechtliche-hinweise\/#breadcrumb\",\"itemListElement\":[{\"@type\":\"ListItem\",\"position\":1,\"name\":\"Accueil\",\"item\":\"https:\/\/eures-granderegion.eu\/de\/\"},{\"@type\":\"ListItem\",\"position\":2,\"name\":\"Rechtliche Hinweise\"}]},{\"@type\":\"WebSite\",\"@id\":\"https:\/\/eures-granderegion.eu\/de\/#website\",\"url\":\"https:\/\/eures-granderegion.eu\/de\/\",\"name\":\"EURES Grande R\u00e9gion\",\"description\":\"\",\"publisher\":{\"@id\":\"https:\/\/eures-granderegion.eu\/de\/#organization\"},\"potentialAction\":[{\"@type\":\"SearchAction\",\"target\":{\"@type\":\"EntryPoint\",\"urlTemplate\":\"https:\/\/eures-granderegion.eu\/de\/?s={search_term_string}\"},\"query-input\":{\"@type\":\"PropertyValueSpecification\",\"valueRequired\":true,\"valueName\":\"search_term_string\"}}],\"inLanguage\":\"de\"},{\"@type\":\"Organization\",\"@id\":\"https:\/\/eures-granderegion.eu\/de\/#organization\",\"name\":\"Eures Grande Region\",\"url\":\"https:\/\/eures-granderegion.eu\/de\/\",\"logo\":{\"@type\":\"ImageObject\",\"inLanguage\":\"de\",\"@id\":\"https:\/\/eures-granderegion.eu\/de\/#\/schema\/logo\/image\/\",\"url\":\"https:\/\/eures-granderegion.eu\/wp-content\/uploads\/2024\/04\/EURES-GR.png\",\"contentUrl\":\"https:\/\/eures-granderegion.eu\/wp-content\/uploads\/2024\/04\/EURES-GR.png\",\"width\":292,\"height\":161,\"caption\":\"Eures Grande Region\"},\"image\":{\"@id\":\"https:\/\/eures-granderegion.eu\/de\/#\/schema\/logo\/image\/\"},\"sameAs\":[\"https:\/\/www.facebook.com\/EURES.GR\/\",\"https:\/\/www.youtube.com\/channel\/UCKrVFYX3wJWSmZAwQ7fMZtg\",\"https:\/\/www.linkedin.com\/company\/euresgranderegion\/\"]}]}<\/script>\n<!-- \/ Yoast SEO plugin. -->","yoast_head_json":{"title":"Rechtliche Hinweise - Eures Grande Region","robots":{"index":"index","follow":"follow","max-snippet":"max-snippet:-1","max-image-preview":"max-image-preview:large","max-video-preview":"max-video-preview:-1"},"canonical":"https:\/\/eures-granderegion.eu\/de\/rechtliche-hinweise\/","og_locale":"de_DE","og_type":"article","og_title":"Rechtliche Hinweise - Eures Grande Region","og_description":"Herzlich willkommen auf der Seite www.eures-granderegion.eu. Durch die Nutzung dieser Seite verpflichten Sie sich zur Einhaltung der Allgemeinen Nutzungsbedingungen, deren Kenntnisnahme Sie best\u00e4tigen. Der Inhalt der vorliegenden Erkl\u00e4rung kann ge\u00e4ndert werden. Deshalb fordern wir Sie auf, sie regelm\u00e4\u00dfig abzurufen. Herausgeber der Website Quellen- und Dokumentationszentrum EURES Frontaliers\/Grand Est2, rue Augustin Fresnel57070 Metz Technop\u00f4leTel. (+33) (0)3 [&hellip;]","og_url":"https:\/\/eures-granderegion.eu\/de\/rechtliche-hinweise\/","og_site_name":"Eures Grande Region","article_publisher":"https:\/\/www.facebook.com\/EURES.GR\/","article_modified_time":"2024-12-18T08:44:14+00:00","og_image":[{"width":2560,"height":1707,"url":"https:\/\/eures-granderegion.eu\/wp-content\/uploads\/2024\/03\/start-up-of-economists-2023-11-27-04-58-51-utc-scaled.jpg","type":"image\/jpeg"}],"twitter_card":"summary_large_image","twitter_misc":{"Gesch\u00e4tzte Lesezeit":"2\u00a0Minuten"},"schema":{"@context":"https:\/\/schema.org","@graph":[{"@type":"WebPage","@id":"https:\/\/eures-granderegion.eu\/de\/rechtliche-hinweise\/","url":"https:\/\/eures-granderegion.eu\/de\/rechtliche-hinweise\/","name":"Rechtliche Hinweise - Eures Grande Region","isPartOf":{"@id":"https:\/\/eures-granderegion.eu\/de\/#website"},"primaryImageOfPage":{"@id":"https:\/\/eures-granderegion.eu\/de\/rechtliche-hinweise\/#primaryimage"},"image":{"@id":"https:\/\/eures-granderegion.eu\/de\/rechtliche-hinweise\/#primaryimage"},"thumbnailUrl":"https:\/\/eures-granderegion.eu\/wp-content\/uploads\/2024\/03\/start-up-of-economists-2023-11-27-04-58-51-utc-scaled.jpg","datePublished":"2024-04-04T12:01:01+00:00","dateModified":"2024-12-18T08:44:14+00:00","breadcrumb":{"@id":"https:\/\/eures-granderegion.eu\/de\/rechtliche-hinweise\/#breadcrumb"},"inLanguage":"de","potentialAction":[{"@type":"ReadAction","target":["https:\/\/eures-granderegion.eu\/de\/rechtliche-hinweise\/"]}]},{"@type":"ImageObject","inLanguage":"de","@id":"https:\/\/eures-granderegion.eu\/de\/rechtliche-hinweise\/#primaryimage","url":"https:\/\/eures-granderegion.eu\/wp-content\/uploads\/2024\/03\/start-up-of-economists-2023-11-27-04-58-51-utc-scaled.jpg","contentUrl":"https:\/\/eures-granderegion.eu\/wp-content\/uploads\/2024\/03\/start-up-of-economists-2023-11-27-04-58-51-utc-scaled.jpg","width":2560,"height":1707,"caption":"Three young employees looking at colleague and listening to her explanations of working points at start-up meeting"},{"@type":"BreadcrumbList","@id":"https:\/\/eures-granderegion.eu\/de\/rechtliche-hinweise\/#breadcrumb","itemListElement":[{"@type":"ListItem","position":1,"name":"Accueil","item":"https:\/\/eures-granderegion.eu\/de\/"},{"@type":"ListItem","position":2,"name":"Rechtliche Hinweise"}]},{"@type":"WebSite","@id":"https:\/\/eures-granderegion.eu\/de\/#website","url":"https:\/\/eures-granderegion.eu\/de\/","name":"EURES Grande R\u00e9gion","description":"","publisher":{"@id":"https:\/\/eures-granderegion.eu\/de\/#organization"},"potentialAction":[{"@type":"SearchAction","target":{"@type":"EntryPoint","urlTemplate":"https:\/\/eures-granderegion.eu\/de\/?s={search_term_string}"},"query-input":{"@type":"PropertyValueSpecification","valueRequired":true,"valueName":"search_term_string"}}],"inLanguage":"de"},{"@type":"Organization","@id":"https:\/\/eures-granderegion.eu\/de\/#organization","name":"Eures Grande Region","url":"https:\/\/eures-granderegion.eu\/de\/","logo":{"@type":"ImageObject","inLanguage":"de","@id":"https:\/\/eures-granderegion.eu\/de\/#\/schema\/logo\/image\/","url":"https:\/\/eures-granderegion.eu\/wp-content\/uploads\/2024\/04\/EURES-GR.png","contentUrl":"https:\/\/eures-granderegion.eu\/wp-content\/uploads\/2024\/04\/EURES-GR.png","width":292,"height":161,"caption":"Eures Grande Region"},"image":{"@id":"https:\/\/eures-granderegion.eu\/de\/#\/schema\/logo\/image\/"},"sameAs":["https:\/\/www.facebook.com\/EURES.GR\/","https:\/\/www.youtube.com\/channel\/UCKrVFYX3wJWSmZAwQ7fMZtg","https:\/\/www.linkedin.com\/company\/euresgranderegion\/"]}]}},"_links":{"self":[{"href":"https:\/\/eures-granderegion.eu\/de\/wp-json\/wp\/v2\/pages\/1311","targetHints":{"allow":["GET"]}}],"collection":[{"href":"https:\/\/eures-granderegion.eu\/de\/wp-json\/wp\/v2\/pages"}],"about":[{"href":"https:\/\/eures-granderegion.eu\/de\/wp-json\/wp\/v2\/types\/page"}],"author":[{"embeddable":true,"href":"https:\/\/eures-granderegion.eu\/de\/wp-json\/wp\/v2\/users\/2"}],"replies":[{"embeddable":true,"href":"https:\/\/eures-granderegion.eu\/de\/wp-json\/wp\/v2\/comments?post=1311"}],"version-history":[{"count":1,"href":"https:\/\/eures-granderegion.eu\/de\/wp-json\/wp\/v2\/pages\/1311\/revisions"}],"predecessor-version":[{"id":1312,"href":"https:\/\/eures-granderegion.eu\/de\/wp-json\/wp\/v2\/pages\/1311\/revisions\/1312"}],"wp:featuredmedia":[{"embeddable":true,"href":"https:\/\/eures-granderegion.eu\/de\/wp-json\/wp\/v2\/media\/226"}],"wp:attachment":[{"href":"https:\/\/eures-granderegion.eu\/de\/wp-json\/wp\/v2\/media?parent=1311"}],"curies":[{"name":"wp","href":"https:\/\/api.w.org\/{rel}","templated":true}]}}