{"id":1313,"date":"2024-04-04T14:01:31","date_gmt":"2024-04-04T12:01:31","guid":{"rendered":"https:\/\/eures-granderegion.eu\/datenschutzerklaerung\/"},"modified":"2024-12-18T09:44:13","modified_gmt":"2024-12-18T08:44:13","slug":"datenschutzerklaerung","status":"publish","type":"page","link":"https:\/\/eures-granderegion.eu\/de\/datenschutzerklaerung\/","title":{"rendered":"Datenschutzerkl\u00e4rung"},"content":{"rendered":"\n<div class=\"wp-block-group has-global-padding is-layout-constrained wp-block-group-is-layout-constrained\">\n<h3 class=\"wp-block-heading\">Einf\u00fchrung<\/h3>\n\n\n\n<p>Herzlich willkommen auf unserer Seite www.eures-granderegion.eu. Wir legen viel Wert auf den Schutz Ihrer personenbezogenen Daten und Ihrer Privatsph\u00e4re. Diese Datenschutzerkl\u00e4rung erl\u00e4utert, welche Informationen wir erheben, wie wir sie verwenden und welche M\u00f6glichkeiten Sie in Bezug auf Ihre personenbezogenen Daten haben.<\/p>\n\n\n\n<h3 class=\"wp-block-heading\">Datenerhebung<\/h3>\n\n\n\n<p>Wir erheben verschiedene Arten von Informationen zu unterschiedlichen Zwecken, um unsere Dienstleistungen f\u00fcr Sie bereitstellen und verbessern zu k\u00f6nnen.<\/p>\n\n\n\n<h3 class=\"wp-block-heading\">Arten der erhobenen Daten<\/h3>\n\n\n\n<p><strong>Personenbezogene Informationen<\/strong><\/p>\n\n\n\n<p>Wenn Sie unsere Seite nutzen, kann es sein, dass wir Sie zur \u00dcbermittlung bestimmter, personenidentifizierender Daten auffordern. Diese k\u00f6nnen Folgendes umfassen, ohne sich darauf zu beschr\u00e4nken:<\/p>\n\n\n\n<p>Name und Vorname<br\/>E-Mail-Adresse<br\/>Telefonnummer<br\/>Navigationsdaten<\/p>\n\n\n\n<p>Wir erheben ebenfalls Informationen \u00fcber die Art und Weise, in der die Internetseite aufgerufen und genutzt wird (\u201eNavigationsdaten\u201c). In diesen Daten k\u00f6nnen folgende Informationen enthalten sein: Die IP-Adresse Ihres Computers, der Browsertyp, die Browserversion, die von Ihnen besuchten Seiten unserer Plattform, Uhrzeit und Datum Ihres Besuchs, die auf diesen Seiten zugebrachte Zeit sowie sonstige Diagnosedaten.<\/p>\n\n\n\n<h3 class=\"wp-block-heading\">Verwendung der Daten<\/h3>\n\n\n\n<p>www.eures-granderegion.eu verwendet die Daten zu unterschiedlichen Zwecken:<\/p>\n\n\n\n<ul class=\"wp-block-list\">\n<li>Zur Bereitstellung und Pflege der Seite<\/li>\n\n\n\n<li>Zur Gew\u00e4hrleistung der Nutzbarkeit der interaktiven Funktionen unsere Seite auf Ihren Wunsch<\/li>\n\n\n\n<li>Zum Zweck der Verbesserung unserer Dienste und unserer Seite mithilfe der Durchf\u00fchrung von Analysen bzw. Einholung wertvoller Informationen anhand einer monatlich versandten Umfrage an die Personen, die sich \u00fcber das Kontaktformular an uns gewandt haben. Wir bewahren die Daten der befragten Personen nicht auf, sondern vernichten sie nach Versand der monatlichen Umfrage und Erhebung der monatlichen Statistiken, die uns die Ermittlung des Prozentsatzes der erhaltenen Fragen im Verh\u00e4ltnis zur geographischen Zone der eingegangenen Anfragen\/Fragen erm\u00f6glichen.<\/li>\n\n\n\n<li>Zur \u00dcberwachung der Nutzung unserer Website<\/li>\n\n\n\n<li>Zur Erkennung, Pr\u00e4vention und L\u00f6sung technischer Probleme<\/li>\n\n\n\n<li>Zur Zustellung unserer Newsletters, den Sie abonniert haben, und der Ihnen Informationen \u00fcbermittelt und Sie \u00fcber aktuelle Themen und Veranstaltungen f\u00fcr Grenzg\u00e4nger*innen in Kenntnis setzt.<\/li>\n<\/ul>\n\n\n\n<h3 class=\"wp-block-heading\">Teilung der Daten<\/h3>\n\n\n\n<p>Ihre personenidentifizierenden Daten werden von uns weder verkauft, noch ausgetauscht oder weitergeleitet.<\/p>\n\n\n\n<h3 class=\"wp-block-heading\">Rechtliche Verpflichtungen<\/h3>\n\n\n\n<p>www.eures-granderegion.eu kann zur Offenlegung Ihrer personenbezogenen Daten veranlasst sein, wenn wir durch das Gesetz oder g\u00fcltige Aufforderungen staatlicher Stellen (z. B. eines Gerichts oder einer Regierungsbeh\u00f6rde) dazu gezwungen werden.<\/p>\n\n\n\n<h3 class=\"wp-block-heading\">Datensicherheit<\/h3>\n\n\n\n<p>Die Sicherheit Ihrer Daten bedeutet uns viel. Wir bem\u00fchen uns, juristisch vertretbare Mittel anzuwenden, um Ihre personenbezogenen Daten zu sch\u00fctzen, doch wir k\u00f6nnen nicht deren absolute Sicherheit garantieren.<\/p>\n\n\n\n<h3 class=\"wp-block-heading\">Ihre Rechte<\/h3>\n\n\n\n<p>Sie haben das Recht, \u00fcber Ihre personenbezogenen Daten in unserem Besitz Auskunft zu erhalten, sie zu berichtigen oder zu l\u00f6schen. Wenn Sie diese Rechte aus\u00fcben m\u00f6chten, wenden Sie sich an uns unter nicolas.brizard@pole-emploi.fr.<\/p>\n\n\n\n<h3 class=\"wp-block-heading\">\u00c4nderungen dieser Datenschutzerkl\u00e4rung<\/h3>\n\n\n\n<p>Es besteht die M\u00f6glichkeit, dass wir unsere Datenschutzerkl\u00e4rung gelegentlich aktualisieren. Wir informieren Sie \u00fcber jede \u00c4nderung, indem wir die neue Datenschutzerkl\u00e4rung auf dieser Seite ver\u00f6ffentlichen. Deshalb empfehlen wir Ihnen, diese Datenschutzerkl\u00e4rung regelm\u00e4\u00dfig abzurufen, damit Sie von jeder \u00c4nderung Kenntnis erlangen. Die an dieser Datenschutzerkl\u00e4rung vorgenommenen \u00c4nderungen treten in Kraft, wenn sie auf dieser Seite ver\u00f6ffentlicht werden.<\/p>\n\n\n\n<h3 class=\"wp-block-heading\">Matomo<\/h3>\n\n\n\n<p>Diese Internetseite nutzt Matomo, einen Analysedienst f\u00fcr Internetseiten. Matomo verwendet \u201eCookies\u201c. Dabei handelt es sich um Textdateien, die auf Ihrem Computer gespeichert werden und die Analyse Ihrer Nutzung der Internetseite erm\u00f6glichen. In der Regel werden die von den Cookies generierten Informationen \u00fcber Ihre Nutzung der Seite an unseren eigenen Server weitergeleitet und dort aufbewahrt. Die von Matomo erhobenen Daten werden anonymisiert und nicht mit Dritten geteilt.<\/p>\n\n\n\n<p>Im Auftrag des Administrators dieser Internetseite verwendet Matomo diese Daten zur Auswertung Ihrer Nutzung der Seite, Erhebung der Berichte \u00fcber die Aktivit\u00e4ten der Seite und zur Erbringung anderer Dienstleistungen im Zusammenhang mit der Nutzung der Seite und des Internets zugunsten des Administrators der Internetseite.<\/p>\n\n\n\n<p>Die von Ihrem Browser im Rahmen der T\u00e4tigkeit von Matomo \u00fcbermittelte IP-Adresse wird anonymisiert und keinen anderen Daten zugeordnet. Sie k\u00f6nnen die Speicherung von Cookies ablehnen, indem Sie die Software Ihres Browsers entsprechend konfigurieren. Wir weisen Sie darauf hin, dass es in diesem Fall sein kann, dass Sie nicht alle Funktionen dieser Internetseite vollst\u00e4ndig nutzen k\u00f6nnen.<\/p>\n\n\n\n<h3 class=\"wp-block-heading\">Kontakt<\/h3>\n\n\n\n<p>Bei Fragen zu dieser Datenschutzerkl\u00e4rung k\u00f6nnen Sie sich an uns wenden:<\/p>\n\n\n\n<ul class=\"wp-block-list\">\n<li>Per E-Mail:<br\/>nicolas.brizard@pole-emploi.fr  <br\/><\/li>\n\n\n\n<li>Auf dem Postweg: <br\/>CRD EURES Frontaliers\/Grand Est<br\/>2, rue Augustin Fresnel 57070 Metz Technop\u00f4le<br\/>Tel. (+33) (0)3 87 20 40 91<br\/>Nicolas BRIZARD<br\/>Koordinationsb\u00fcro EURES P\u00f4le emploi Grand Est Leiter der Abteilung Internationale Beziehungen<br\/>E-Mail: nicolas.brizard@pole-emploi.fr<\/li>\n<\/ul>\n<\/div>\n","protected":false},"excerpt":{"rendered":"<p>Einf\u00fchrung Herzlich willkommen auf unserer Seite www.eures-granderegion.eu. Wir legen viel Wert auf den Schutz Ihrer personenbezogenen Daten und Ihrer Privatsph\u00e4re. Diese Datenschutzerkl\u00e4rung erl\u00e4utert, welche Informationen wir erheben, wie wir sie verwenden und welche M\u00f6glichkeiten Sie in Bezug auf Ihre personenbezogenen Daten haben. Datenerhebung Wir erheben verschiedene Arten von Informationen zu unterschiedlichen Zwecken, um unsere Dienstleistungen [&hellip;]<\/p>\n","protected":false},"author":2,"featured_media":407,"parent":0,"menu_order":0,"comment_status":"closed","ping_status":"closed","template":"","meta":{"footnotes":""},"class_list":["post-1313","page","type-page","status-publish","has-post-thumbnail","hentry"],"yoast_head":"<!-- This site is optimized with the Yoast SEO plugin v24.2 - https:\/\/yoast.com\/wordpress\/plugins\/seo\/ -->\n<title>Datenschutzerkl\u00e4rung - Eures Grande Region<\/title>\n<meta name=\"robots\" content=\"index, follow, max-snippet:-1, max-image-preview:large, max-video-preview:-1\" \/>\n<link rel=\"canonical\" href=\"https:\/\/eures-granderegion.eu\/de\/datenschutzerklaerung\/\" \/>\n<meta property=\"og:locale\" content=\"de_DE\" \/>\n<meta property=\"og:type\" content=\"article\" \/>\n<meta property=\"og:title\" content=\"Datenschutzerkl\u00e4rung - Eures Grande Region\" \/>\n<meta property=\"og:description\" content=\"Einf\u00fchrung Herzlich willkommen auf unserer Seite www.eures-granderegion.eu. Wir legen viel Wert auf den Schutz Ihrer personenbezogenen Daten und Ihrer Privatsph\u00e4re. Diese Datenschutzerkl\u00e4rung erl\u00e4utert, welche Informationen wir erheben, wie wir sie verwenden und welche M\u00f6glichkeiten Sie in Bezug auf Ihre personenbezogenen Daten haben. Datenerhebung Wir erheben verschiedene Arten von Informationen zu unterschiedlichen Zwecken, um unsere Dienstleistungen [&hellip;]\" \/>\n<meta property=\"og:url\" content=\"https:\/\/eures-granderegion.eu\/de\/datenschutzerklaerung\/\" \/>\n<meta property=\"og:site_name\" content=\"Eures Grande Region\" \/>\n<meta property=\"article:publisher\" content=\"https:\/\/www.facebook.com\/EURES.GR\/\" \/>\n<meta property=\"article:modified_time\" content=\"2024-12-18T08:44:13+00:00\" \/>\n<meta property=\"og:image\" content=\"https:\/\/eures-granderegion.eu\/wp-content\/uploads\/2024\/04\/employees-talking-2023-11-27-05-07-10-utc.jpg\" \/>\n\t<meta property=\"og:image:width\" content=\"1620\" \/>\n\t<meta property=\"og:image:height\" content=\"1080\" \/>\n\t<meta property=\"og:image:type\" content=\"image\/jpeg\" \/>\n<meta name=\"twitter:card\" content=\"summary_large_image\" \/>\n<meta name=\"twitter:label1\" content=\"Gesch\u00e4tzte Lesezeit\" \/>\n\t<meta name=\"twitter:data1\" content=\"4\u00a0Minuten\" \/>\n<script type=\"application\/ld+json\" class=\"yoast-schema-graph\">{\"@context\":\"https:\/\/schema.org\",\"@graph\":[{\"@type\":\"WebPage\",\"@id\":\"https:\/\/eures-granderegion.eu\/de\/datenschutzerklaerung\/\",\"url\":\"https:\/\/eures-granderegion.eu\/de\/datenschutzerklaerung\/\",\"name\":\"Datenschutzerkl\u00e4rung - Eures Grande Region\",\"isPartOf\":{\"@id\":\"https:\/\/eures-granderegion.eu\/de\/#website\"},\"primaryImageOfPage\":{\"@id\":\"https:\/\/eures-granderegion.eu\/de\/datenschutzerklaerung\/#primaryimage\"},\"image\":{\"@id\":\"https:\/\/eures-granderegion.eu\/de\/datenschutzerklaerung\/#primaryimage\"},\"thumbnailUrl\":\"https:\/\/eures-granderegion.eu\/wp-content\/uploads\/2024\/04\/employees-talking-2023-11-27-05-07-10-utc.jpg\",\"datePublished\":\"2024-04-04T12:01:31+00:00\",\"dateModified\":\"2024-12-18T08:44:13+00:00\",\"breadcrumb\":{\"@id\":\"https:\/\/eures-granderegion.eu\/de\/datenschutzerklaerung\/#breadcrumb\"},\"inLanguage\":\"de\",\"potentialAction\":[{\"@type\":\"ReadAction\",\"target\":[\"https:\/\/eures-granderegion.eu\/de\/datenschutzerklaerung\/\"]}]},{\"@type\":\"ImageObject\",\"inLanguage\":\"de\",\"@id\":\"https:\/\/eures-granderegion.eu\/de\/datenschutzerklaerung\/#primaryimage\",\"url\":\"https:\/\/eures-granderegion.eu\/wp-content\/uploads\/2024\/04\/employees-talking-2023-11-27-05-07-10-utc.jpg\",\"contentUrl\":\"https:\/\/eures-granderegion.eu\/wp-content\/uploads\/2024\/04\/employees-talking-2023-11-27-05-07-10-utc.jpg\",\"width\":1620,\"height\":1080,\"caption\":\"Mulatto and caucasian employees talking to each other in a modern office\"},{\"@type\":\"BreadcrumbList\",\"@id\":\"https:\/\/eures-granderegion.eu\/de\/datenschutzerklaerung\/#breadcrumb\",\"itemListElement\":[{\"@type\":\"ListItem\",\"position\":1,\"name\":\"Accueil\",\"item\":\"https:\/\/eures-granderegion.eu\/de\/\"},{\"@type\":\"ListItem\",\"position\":2,\"name\":\"Datenschutzerkl\u00e4rung\"}]},{\"@type\":\"WebSite\",\"@id\":\"https:\/\/eures-granderegion.eu\/de\/#website\",\"url\":\"https:\/\/eures-granderegion.eu\/de\/\",\"name\":\"EURES Grande R\u00e9gion\",\"description\":\"\",\"publisher\":{\"@id\":\"https:\/\/eures-granderegion.eu\/de\/#organization\"},\"potentialAction\":[{\"@type\":\"SearchAction\",\"target\":{\"@type\":\"EntryPoint\",\"urlTemplate\":\"https:\/\/eures-granderegion.eu\/de\/?s={search_term_string}\"},\"query-input\":{\"@type\":\"PropertyValueSpecification\",\"valueRequired\":true,\"valueName\":\"search_term_string\"}}],\"inLanguage\":\"de\"},{\"@type\":\"Organization\",\"@id\":\"https:\/\/eures-granderegion.eu\/de\/#organization\",\"name\":\"Eures Grande Region\",\"url\":\"https:\/\/eures-granderegion.eu\/de\/\",\"logo\":{\"@type\":\"ImageObject\",\"inLanguage\":\"de\",\"@id\":\"https:\/\/eures-granderegion.eu\/de\/#\/schema\/logo\/image\/\",\"url\":\"https:\/\/eures-granderegion.eu\/wp-content\/uploads\/2024\/04\/EURES-GR.png\",\"contentUrl\":\"https:\/\/eures-granderegion.eu\/wp-content\/uploads\/2024\/04\/EURES-GR.png\",\"width\":292,\"height\":161,\"caption\":\"Eures Grande Region\"},\"image\":{\"@id\":\"https:\/\/eures-granderegion.eu\/de\/#\/schema\/logo\/image\/\"},\"sameAs\":[\"https:\/\/www.facebook.com\/EURES.GR\/\",\"https:\/\/www.youtube.com\/channel\/UCKrVFYX3wJWSmZAwQ7fMZtg\",\"https:\/\/www.linkedin.com\/company\/euresgranderegion\/\"]}]}<\/script>\n<!-- \/ Yoast SEO plugin. -->","yoast_head_json":{"title":"Datenschutzerkl\u00e4rung - Eures Grande Region","robots":{"index":"index","follow":"follow","max-snippet":"max-snippet:-1","max-image-preview":"max-image-preview:large","max-video-preview":"max-video-preview:-1"},"canonical":"https:\/\/eures-granderegion.eu\/de\/datenschutzerklaerung\/","og_locale":"de_DE","og_type":"article","og_title":"Datenschutzerkl\u00e4rung - Eures Grande Region","og_description":"Einf\u00fchrung Herzlich willkommen auf unserer Seite www.eures-granderegion.eu. Wir legen viel Wert auf den Schutz Ihrer personenbezogenen Daten und Ihrer Privatsph\u00e4re. Diese Datenschutzerkl\u00e4rung erl\u00e4utert, welche Informationen wir erheben, wie wir sie verwenden und welche M\u00f6glichkeiten Sie in Bezug auf Ihre personenbezogenen Daten haben. Datenerhebung Wir erheben verschiedene Arten von Informationen zu unterschiedlichen Zwecken, um unsere Dienstleistungen [&hellip;]","og_url":"https:\/\/eures-granderegion.eu\/de\/datenschutzerklaerung\/","og_site_name":"Eures Grande Region","article_publisher":"https:\/\/www.facebook.com\/EURES.GR\/","article_modified_time":"2024-12-18T08:44:13+00:00","og_image":[{"width":1620,"height":1080,"url":"https:\/\/eures-granderegion.eu\/wp-content\/uploads\/2024\/04\/employees-talking-2023-11-27-05-07-10-utc.jpg","type":"image\/jpeg"}],"twitter_card":"summary_large_image","twitter_misc":{"Gesch\u00e4tzte Lesezeit":"4\u00a0Minuten"},"schema":{"@context":"https:\/\/schema.org","@graph":[{"@type":"WebPage","@id":"https:\/\/eures-granderegion.eu\/de\/datenschutzerklaerung\/","url":"https:\/\/eures-granderegion.eu\/de\/datenschutzerklaerung\/","name":"Datenschutzerkl\u00e4rung - Eures Grande Region","isPartOf":{"@id":"https:\/\/eures-granderegion.eu\/de\/#website"},"primaryImageOfPage":{"@id":"https:\/\/eures-granderegion.eu\/de\/datenschutzerklaerung\/#primaryimage"},"image":{"@id":"https:\/\/eures-granderegion.eu\/de\/datenschutzerklaerung\/#primaryimage"},"thumbnailUrl":"https:\/\/eures-granderegion.eu\/wp-content\/uploads\/2024\/04\/employees-talking-2023-11-27-05-07-10-utc.jpg","datePublished":"2024-04-04T12:01:31+00:00","dateModified":"2024-12-18T08:44:13+00:00","breadcrumb":{"@id":"https:\/\/eures-granderegion.eu\/de\/datenschutzerklaerung\/#breadcrumb"},"inLanguage":"de","potentialAction":[{"@type":"ReadAction","target":["https:\/\/eures-granderegion.eu\/de\/datenschutzerklaerung\/"]}]},{"@type":"ImageObject","inLanguage":"de","@id":"https:\/\/eures-granderegion.eu\/de\/datenschutzerklaerung\/#primaryimage","url":"https:\/\/eures-granderegion.eu\/wp-content\/uploads\/2024\/04\/employees-talking-2023-11-27-05-07-10-utc.jpg","contentUrl":"https:\/\/eures-granderegion.eu\/wp-content\/uploads\/2024\/04\/employees-talking-2023-11-27-05-07-10-utc.jpg","width":1620,"height":1080,"caption":"Mulatto and caucasian employees talking to each other in a modern office"},{"@type":"BreadcrumbList","@id":"https:\/\/eures-granderegion.eu\/de\/datenschutzerklaerung\/#breadcrumb","itemListElement":[{"@type":"ListItem","position":1,"name":"Accueil","item":"https:\/\/eures-granderegion.eu\/de\/"},{"@type":"ListItem","position":2,"name":"Datenschutzerkl\u00e4rung"}]},{"@type":"WebSite","@id":"https:\/\/eures-granderegion.eu\/de\/#website","url":"https:\/\/eures-granderegion.eu\/de\/","name":"EURES Grande R\u00e9gion","description":"","publisher":{"@id":"https:\/\/eures-granderegion.eu\/de\/#organization"},"potentialAction":[{"@type":"SearchAction","target":{"@type":"EntryPoint","urlTemplate":"https:\/\/eures-granderegion.eu\/de\/?s={search_term_string}"},"query-input":{"@type":"PropertyValueSpecification","valueRequired":true,"valueName":"search_term_string"}}],"inLanguage":"de"},{"@type":"Organization","@id":"https:\/\/eures-granderegion.eu\/de\/#organization","name":"Eures Grande Region","url":"https:\/\/eures-granderegion.eu\/de\/","logo":{"@type":"ImageObject","inLanguage":"de","@id":"https:\/\/eures-granderegion.eu\/de\/#\/schema\/logo\/image\/","url":"https:\/\/eures-granderegion.eu\/wp-content\/uploads\/2024\/04\/EURES-GR.png","contentUrl":"https:\/\/eures-granderegion.eu\/wp-content\/uploads\/2024\/04\/EURES-GR.png","width":292,"height":161,"caption":"Eures Grande Region"},"image":{"@id":"https:\/\/eures-granderegion.eu\/de\/#\/schema\/logo\/image\/"},"sameAs":["https:\/\/www.facebook.com\/EURES.GR\/","https:\/\/www.youtube.com\/channel\/UCKrVFYX3wJWSmZAwQ7fMZtg","https:\/\/www.linkedin.com\/company\/euresgranderegion\/"]}]}},"_links":{"self":[{"href":"https:\/\/eures-granderegion.eu\/de\/wp-json\/wp\/v2\/pages\/1313","targetHints":{"allow":["GET"]}}],"collection":[{"href":"https:\/\/eures-granderegion.eu\/de\/wp-json\/wp\/v2\/pages"}],"about":[{"href":"https:\/\/eures-granderegion.eu\/de\/wp-json\/wp\/v2\/types\/page"}],"author":[{"embeddable":true,"href":"https:\/\/eures-granderegion.eu\/de\/wp-json\/wp\/v2\/users\/2"}],"replies":[{"embeddable":true,"href":"https:\/\/eures-granderegion.eu\/de\/wp-json\/wp\/v2\/comments?post=1313"}],"version-history":[{"count":2,"href":"https:\/\/eures-granderegion.eu\/de\/wp-json\/wp\/v2\/pages\/1313\/revisions"}],"predecessor-version":[{"id":1417,"href":"https:\/\/eures-granderegion.eu\/de\/wp-json\/wp\/v2\/pages\/1313\/revisions\/1417"}],"wp:featuredmedia":[{"embeddable":true,"href":"https:\/\/eures-granderegion.eu\/de\/wp-json\/wp\/v2\/media\/407"}],"wp:attachment":[{"href":"https:\/\/eures-granderegion.eu\/de\/wp-json\/wp\/v2\/media?parent=1313"}],"curies":[{"name":"wp","href":"https:\/\/api.w.org\/{rel}","templated":true}]}}