{"id":1335,"date":"2024-04-08T16:25:39","date_gmt":"2024-04-08T14:25:39","guid":{"rendered":"https:\/\/eures-granderegion.eu\/sie-leben-in-der-grossregion\/"},"modified":"2024-12-18T09:44:14","modified_gmt":"2024-12-18T08:44:14","slug":"sie-leben-in-der-grossregion","status":"publish","type":"page","link":"https:\/\/eures-granderegion.eu\/de\/sie-leben-in-der-grossregion\/","title":{"rendered":"Sie leben in der Gro\u00dfregion."},"content":{"rendered":"\n<div class=\"wp-block-group alignfull has-global-padding is-layout-constrained wp-block-group-is-layout-constrained\">\n<p class=\"has-primary-color has-text-color has-link-color wp-elements-c6b8033cc5819c8d30ab185f252947cd\"><br\/><strong>Als Student*in, Arbeitnehmer*in, Arbeitssuchende\/r oder Arbeitgeber*in finden Sie hier alle wesentlichen Informationen, die f\u00fcr Ihre Situation von Interesse sind.<\/strong><\/p>\n\n\n\n<p class=\"has-black-color has-text-color has-link-color wp-elements-6996b83b2e05004123e4ea1c70fb0701\">Unser Ziel besteht darin, Ihnen verst\u00e4ndliche und einschl\u00e4gige Quellen zur Verf\u00fcgung zu stellen, um Sie auf Ihrem beruflichen und pers\u00f6nlichen Weg in unserer sch\u00f6nen Region zu begleiten, unabh\u00e4ngig davon, was Sie ben\u00f6tigen: Eine Beratung bei der Stellensuche, Informationen \u00fcber erh\u00e4ltliche Beihilfen, Empfehlungen bei der Erf\u00fcllung der erforderlichen Verwaltungsformalit\u00e4ten usw. Hier finden Sie alle erforderlichen Informationen im Zusammenhang mit Ihrem Profil. Durchst\u00f6bern Sie die folgenden Kapitel.<\/p>\n<\/div>\n","protected":false},"excerpt":{"rendered":"<p>Als Student*in, Arbeitnehmer*in, Arbeitssuchende\/r oder Arbeitgeber*in finden Sie hier alle wesentlichen Informationen, die f\u00fcr Ihre Situation von Interesse sind. Unser Ziel besteht darin, Ihnen verst\u00e4ndliche und einschl\u00e4gige Quellen zur Verf\u00fcgung zu stellen, um Sie auf Ihrem beruflichen und pers\u00f6nlichen Weg in unserer sch\u00f6nen Region zu begleiten, unabh\u00e4ngig davon, was Sie ben\u00f6tigen: Eine Beratung bei der [&hellip;]<\/p>\n","protected":false},"author":2,"featured_media":260,"parent":0,"menu_order":0,"comment_status":"closed","ping_status":"closed","template":"","meta":{"footnotes":""},"class_list":["post-1335","page","type-page","status-publish","has-post-thumbnail","hentry"],"yoast_head":"<!-- This site is optimized with the Yoast SEO plugin v24.2 - https:\/\/yoast.com\/wordpress\/plugins\/seo\/ -->\n<title>Sie leben in der Gro\u00dfregion. - Eures Grande Region<\/title>\n<meta name=\"robots\" content=\"index, follow, max-snippet:-1, max-image-preview:large, max-video-preview:-1\" \/>\n<link rel=\"canonical\" href=\"https:\/\/eures-granderegion.eu\/de\/sie-leben-in-der-grossregion\/\" \/>\n<meta property=\"og:locale\" content=\"de_DE\" \/>\n<meta property=\"og:type\" content=\"article\" \/>\n<meta property=\"og:title\" content=\"Sie leben in der Gro\u00dfregion. - Eures Grande Region\" \/>\n<meta property=\"og:description\" content=\"Als Student*in, Arbeitnehmer*in, Arbeitssuchende\/r oder Arbeitgeber*in finden Sie hier alle wesentlichen Informationen, die f\u00fcr Ihre Situation von Interesse sind. Unser Ziel besteht darin, Ihnen verst\u00e4ndliche und einschl\u00e4gige Quellen zur Verf\u00fcgung zu stellen, um Sie auf Ihrem beruflichen und pers\u00f6nlichen Weg in unserer sch\u00f6nen Region zu begleiten, unabh\u00e4ngig davon, was Sie ben\u00f6tigen: Eine Beratung bei der [&hellip;]\" \/>\n<meta property=\"og:url\" content=\"https:\/\/eures-granderegion.eu\/de\/sie-leben-in-der-grossregion\/\" \/>\n<meta property=\"og:site_name\" content=\"Eures Grande Region\" \/>\n<meta property=\"article:publisher\" content=\"https:\/\/www.facebook.com\/EURES.GR\/\" \/>\n<meta property=\"article:modified_time\" content=\"2024-12-18T08:44:14+00:00\" \/>\n<meta property=\"og:image\" content=\"https:\/\/eures-granderegion.eu\/wp-content\/uploads\/2024\/04\/workers.jpg\" \/>\n\t<meta property=\"og:image:width\" content=\"1620\" \/>\n\t<meta property=\"og:image:height\" content=\"1080\" \/>\n\t<meta property=\"og:image:type\" content=\"image\/jpeg\" \/>\n<meta name=\"twitter:card\" content=\"summary_large_image\" \/>\n<meta name=\"twitter:label1\" content=\"Gesch\u00e4tzte Lesezeit\" \/>\n\t<meta name=\"twitter:data1\" content=\"1\u00a0Minute\" \/>\n<script type=\"application\/ld+json\" class=\"yoast-schema-graph\">{\"@context\":\"https:\/\/schema.org\",\"@graph\":[{\"@type\":\"WebPage\",\"@id\":\"https:\/\/eures-granderegion.eu\/de\/sie-leben-in-der-grossregion\/\",\"url\":\"https:\/\/eures-granderegion.eu\/de\/sie-leben-in-der-grossregion\/\",\"name\":\"Sie leben in der Gro\u00dfregion. - Eures Grande Region\",\"isPartOf\":{\"@id\":\"https:\/\/eures-granderegion.eu\/de\/#website\"},\"primaryImageOfPage\":{\"@id\":\"https:\/\/eures-granderegion.eu\/de\/sie-leben-in-der-grossregion\/#primaryimage\"},\"image\":{\"@id\":\"https:\/\/eures-granderegion.eu\/de\/sie-leben-in-der-grossregion\/#primaryimage\"},\"thumbnailUrl\":\"https:\/\/eures-granderegion.eu\/wp-content\/uploads\/2024\/04\/workers.jpg\",\"datePublished\":\"2024-04-08T14:25:39+00:00\",\"dateModified\":\"2024-12-18T08:44:14+00:00\",\"breadcrumb\":{\"@id\":\"https:\/\/eures-granderegion.eu\/de\/sie-leben-in-der-grossregion\/#breadcrumb\"},\"inLanguage\":\"de\",\"potentialAction\":[{\"@type\":\"ReadAction\",\"target\":[\"https:\/\/eures-granderegion.eu\/de\/sie-leben-in-der-grossregion\/\"]}]},{\"@type\":\"ImageObject\",\"inLanguage\":\"de\",\"@id\":\"https:\/\/eures-granderegion.eu\/de\/sie-leben-in-der-grossregion\/#primaryimage\",\"url\":\"https:\/\/eures-granderegion.eu\/wp-content\/uploads\/2024\/04\/workers.jpg\",\"contentUrl\":\"https:\/\/eures-granderegion.eu\/wp-content\/uploads\/2024\/04\/workers.jpg\",\"width\":1620,\"height\":1080,\"caption\":\"Three young employees looking at colleague and listening to her explanations of working points at start-up meeting\"},{\"@type\":\"BreadcrumbList\",\"@id\":\"https:\/\/eures-granderegion.eu\/de\/sie-leben-in-der-grossregion\/#breadcrumb\",\"itemListElement\":[{\"@type\":\"ListItem\",\"position\":1,\"name\":\"Accueil\",\"item\":\"https:\/\/eures-granderegion.eu\/de\/\"},{\"@type\":\"ListItem\",\"position\":2,\"name\":\"Sie leben in der Gro\u00dfregion.\"}]},{\"@type\":\"WebSite\",\"@id\":\"https:\/\/eures-granderegion.eu\/de\/#website\",\"url\":\"https:\/\/eures-granderegion.eu\/de\/\",\"name\":\"EURES Grande R\u00e9gion\",\"description\":\"\",\"publisher\":{\"@id\":\"https:\/\/eures-granderegion.eu\/de\/#organization\"},\"potentialAction\":[{\"@type\":\"SearchAction\",\"target\":{\"@type\":\"EntryPoint\",\"urlTemplate\":\"https:\/\/eures-granderegion.eu\/de\/?s={search_term_string}\"},\"query-input\":{\"@type\":\"PropertyValueSpecification\",\"valueRequired\":true,\"valueName\":\"search_term_string\"}}],\"inLanguage\":\"de\"},{\"@type\":\"Organization\",\"@id\":\"https:\/\/eures-granderegion.eu\/de\/#organization\",\"name\":\"Eures Grande Region\",\"url\":\"https:\/\/eures-granderegion.eu\/de\/\",\"logo\":{\"@type\":\"ImageObject\",\"inLanguage\":\"de\",\"@id\":\"https:\/\/eures-granderegion.eu\/de\/#\/schema\/logo\/image\/\",\"url\":\"https:\/\/eures-granderegion.eu\/wp-content\/uploads\/2024\/04\/EURES-GR.png\",\"contentUrl\":\"https:\/\/eures-granderegion.eu\/wp-content\/uploads\/2024\/04\/EURES-GR.png\",\"width\":292,\"height\":161,\"caption\":\"Eures Grande Region\"},\"image\":{\"@id\":\"https:\/\/eures-granderegion.eu\/de\/#\/schema\/logo\/image\/\"},\"sameAs\":[\"https:\/\/www.facebook.com\/EURES.GR\/\",\"https:\/\/www.youtube.com\/channel\/UCKrVFYX3wJWSmZAwQ7fMZtg\",\"https:\/\/www.linkedin.com\/company\/euresgranderegion\/\"]}]}<\/script>\n<!-- \/ Yoast SEO plugin. -->","yoast_head_json":{"title":"Sie leben in der Gro\u00dfregion. - Eures Grande Region","robots":{"index":"index","follow":"follow","max-snippet":"max-snippet:-1","max-image-preview":"max-image-preview:large","max-video-preview":"max-video-preview:-1"},"canonical":"https:\/\/eures-granderegion.eu\/de\/sie-leben-in-der-grossregion\/","og_locale":"de_DE","og_type":"article","og_title":"Sie leben in der Gro\u00dfregion. - Eures Grande Region","og_description":"Als Student*in, Arbeitnehmer*in, Arbeitssuchende\/r oder Arbeitgeber*in finden Sie hier alle wesentlichen Informationen, die f\u00fcr Ihre Situation von Interesse sind. Unser Ziel besteht darin, Ihnen verst\u00e4ndliche und einschl\u00e4gige Quellen zur Verf\u00fcgung zu stellen, um Sie auf Ihrem beruflichen und pers\u00f6nlichen Weg in unserer sch\u00f6nen Region zu begleiten, unabh\u00e4ngig davon, was Sie ben\u00f6tigen: Eine Beratung bei der [&hellip;]","og_url":"https:\/\/eures-granderegion.eu\/de\/sie-leben-in-der-grossregion\/","og_site_name":"Eures Grande Region","article_publisher":"https:\/\/www.facebook.com\/EURES.GR\/","article_modified_time":"2024-12-18T08:44:14+00:00","og_image":[{"width":1620,"height":1080,"url":"https:\/\/eures-granderegion.eu\/wp-content\/uploads\/2024\/04\/workers.jpg","type":"image\/jpeg"}],"twitter_card":"summary_large_image","twitter_misc":{"Gesch\u00e4tzte Lesezeit":"1\u00a0Minute"},"schema":{"@context":"https:\/\/schema.org","@graph":[{"@type":"WebPage","@id":"https:\/\/eures-granderegion.eu\/de\/sie-leben-in-der-grossregion\/","url":"https:\/\/eures-granderegion.eu\/de\/sie-leben-in-der-grossregion\/","name":"Sie leben in der Gro\u00dfregion. - Eures Grande Region","isPartOf":{"@id":"https:\/\/eures-granderegion.eu\/de\/#website"},"primaryImageOfPage":{"@id":"https:\/\/eures-granderegion.eu\/de\/sie-leben-in-der-grossregion\/#primaryimage"},"image":{"@id":"https:\/\/eures-granderegion.eu\/de\/sie-leben-in-der-grossregion\/#primaryimage"},"thumbnailUrl":"https:\/\/eures-granderegion.eu\/wp-content\/uploads\/2024\/04\/workers.jpg","datePublished":"2024-04-08T14:25:39+00:00","dateModified":"2024-12-18T08:44:14+00:00","breadcrumb":{"@id":"https:\/\/eures-granderegion.eu\/de\/sie-leben-in-der-grossregion\/#breadcrumb"},"inLanguage":"de","potentialAction":[{"@type":"ReadAction","target":["https:\/\/eures-granderegion.eu\/de\/sie-leben-in-der-grossregion\/"]}]},{"@type":"ImageObject","inLanguage":"de","@id":"https:\/\/eures-granderegion.eu\/de\/sie-leben-in-der-grossregion\/#primaryimage","url":"https:\/\/eures-granderegion.eu\/wp-content\/uploads\/2024\/04\/workers.jpg","contentUrl":"https:\/\/eures-granderegion.eu\/wp-content\/uploads\/2024\/04\/workers.jpg","width":1620,"height":1080,"caption":"Three young employees looking at colleague and listening to her explanations of working points at start-up meeting"},{"@type":"BreadcrumbList","@id":"https:\/\/eures-granderegion.eu\/de\/sie-leben-in-der-grossregion\/#breadcrumb","itemListElement":[{"@type":"ListItem","position":1,"name":"Accueil","item":"https:\/\/eures-granderegion.eu\/de\/"},{"@type":"ListItem","position":2,"name":"Sie leben in der Gro\u00dfregion."}]},{"@type":"WebSite","@id":"https:\/\/eures-granderegion.eu\/de\/#website","url":"https:\/\/eures-granderegion.eu\/de\/","name":"EURES Grande R\u00e9gion","description":"","publisher":{"@id":"https:\/\/eures-granderegion.eu\/de\/#organization"},"potentialAction":[{"@type":"SearchAction","target":{"@type":"EntryPoint","urlTemplate":"https:\/\/eures-granderegion.eu\/de\/?s={search_term_string}"},"query-input":{"@type":"PropertyValueSpecification","valueRequired":true,"valueName":"search_term_string"}}],"inLanguage":"de"},{"@type":"Organization","@id":"https:\/\/eures-granderegion.eu\/de\/#organization","name":"Eures Grande Region","url":"https:\/\/eures-granderegion.eu\/de\/","logo":{"@type":"ImageObject","inLanguage":"de","@id":"https:\/\/eures-granderegion.eu\/de\/#\/schema\/logo\/image\/","url":"https:\/\/eures-granderegion.eu\/wp-content\/uploads\/2024\/04\/EURES-GR.png","contentUrl":"https:\/\/eures-granderegion.eu\/wp-content\/uploads\/2024\/04\/EURES-GR.png","width":292,"height":161,"caption":"Eures Grande Region"},"image":{"@id":"https:\/\/eures-granderegion.eu\/de\/#\/schema\/logo\/image\/"},"sameAs":["https:\/\/www.facebook.com\/EURES.GR\/","https:\/\/www.youtube.com\/channel\/UCKrVFYX3wJWSmZAwQ7fMZtg","https:\/\/www.linkedin.com\/company\/euresgranderegion\/"]}]}},"_links":{"self":[{"href":"https:\/\/eures-granderegion.eu\/de\/wp-json\/wp\/v2\/pages\/1335","targetHints":{"allow":["GET"]}}],"collection":[{"href":"https:\/\/eures-granderegion.eu\/de\/wp-json\/wp\/v2\/pages"}],"about":[{"href":"https:\/\/eures-granderegion.eu\/de\/wp-json\/wp\/v2\/types\/page"}],"author":[{"embeddable":true,"href":"https:\/\/eures-granderegion.eu\/de\/wp-json\/wp\/v2\/users\/2"}],"replies":[{"embeddable":true,"href":"https:\/\/eures-granderegion.eu\/de\/wp-json\/wp\/v2\/comments?post=1335"}],"version-history":[{"count":1,"href":"https:\/\/eures-granderegion.eu\/de\/wp-json\/wp\/v2\/pages\/1335\/revisions"}],"predecessor-version":[{"id":1336,"href":"https:\/\/eures-granderegion.eu\/de\/wp-json\/wp\/v2\/pages\/1335\/revisions\/1336"}],"wp:featuredmedia":[{"embeddable":true,"href":"https:\/\/eures-granderegion.eu\/de\/wp-json\/wp\/v2\/media\/260"}],"wp:attachment":[{"href":"https:\/\/eures-granderegion.eu\/de\/wp-json\/wp\/v2\/media?parent=1335"}],"curies":[{"name":"wp","href":"https:\/\/api.w.org\/{rel}","templated":true}]}}